{"id":3319,"date":"2024-02-23T09:21:38","date_gmt":"2024-02-23T09:21:38","guid":{"rendered":"https:\/\/cercledeconsciencia.com\/?page_id=3319"},"modified":"2024-06-19T23:50:06","modified_gmt":"2024-06-19T23:50:06","slug":"lloguer","status":"publish","type":"page","link":"https:\/\/cercledeconsciencia.com\/ca\/lloguer\/","title":{"rendered":"Lloguer d'espais"},"content":{"rendered":"<div data-vc-full-width=\"true\" data-vc-full-width-init=\"false\" data-vc-stretch-content=\"true\" class=\"vc_row wpb_row vc_row-fluid vc_custom_1718840605474 vc_column-gap-20 vc_row-no-padding vc_row-o-content-top vc_row-flex\" ><div class=\"wpb_column vc_column_container vc_col-sm-12\"><div class=\"vc_column-inner\"><div class=\"wpb_wrapper\"><div class=\"vc_row wpb_row vc_inner vc_row-fluid vc_column-gap-35 vc_row-o-content-middle vc_row-flex\" ><div class=\"br-radius-br wpb_column vc_column_container vc_col-sm-2\"><div class=\"vc_column-inner\"><div class=\"wpb_wrapper\"><\/div><\/div><\/div><div class=\"br-radius-tl wpb_column vc_column_container vc_col-sm-4\"><div class=\"vc_column-inner vc_custom_1718840667192\"><div class=\"wpb_wrapper\">\n\t<div class=\"wpb_text_column wpb_content_element\" >\n\t\t<div class=\"wpb_wrapper\">\n\t\t\t<h1 class=\"title-salas\">Lloguer d&#039;espais<br \/>\nper a Terapeutes<\/h1>\n<h5>Troba els millors espais per fer la teva activitat terap\u00e8utica.<\/h5>\n<h5>Concentra&#039;t en all\u00f2 que m\u00e9s importa: acompanyar les persones a trav\u00e9s del teu treball terap\u00e8utic.<\/h5>\n\n\t\t<\/div>\n\t<\/div>\n<div class=\"vc_empty_space\"   style=\"height: 20px\"><span class=\"vc_empty_space_inner\"><\/span><\/div><div class=\"vc_btn3-container vc_btn3-inline\" ><a style=\"background-color:#088094; color:#ffffff;\" class=\"vc_general vc_btn3 vc_btn3-size-md vc_btn3-shape-rounded vc_btn3-style-custom\" href=\"#informacion\" title=\"\">M\u00e9s informaci\u00f3<\/a><\/div><\/div><\/div><\/div><div class=\"wpb_column vc_column_container vc_col-sm-6\"><div class=\"vc_column-inner\"><div class=\"wpb_wrapper\"><div class=\"wpb_images_carousel wpb_content_element vc_clearfix br-radius-bl\"><div class=\"wpb_wrapper\"><div id=\"vc_images-carousel-1-1775582863\" data-ride=\"vc_carousel\" data-wrap=\"false\" style=\"width: 100%;\" data-interval=\"5000\" data-auto-height=\"yes\" data-mode=\"horizontal\" data-partial=\"false\" data-per-view=\"1\" data-hide-on-end=\"false\" class=\"vc_slide vc_images_carousel\"><ol class=\"vc_carousel-indicators\"><li data-target=\"#vc_images-carousel-1-1775582863\" data-slide-to=\"0\"><\/li><li data-target=\"#vc_images-carousel-1-1775582863\" data-slide-to=\"1\"><\/li><\/ol><div class=\"vc_carousel-inner\"><div class=\"vc_carousel-slideline\"><div class=\"vc_carousel-slideline-inner\"><div class=\"vc_item\"><div class=\"vc_inner\"><img loading=\"lazy\" decoding=\"async\" width=\"673\" height=\"507\" src=\"https:\/\/cercledeconsciencia.com\/wp-content\/uploads\/2024\/02\/Local-Mallorca2.png\" class=\"attachment-full\" alt=\"\" title=\"Local-Mallorca2\" srcset=\"https:\/\/cercledeconsciencia.com\/wp-content\/uploads\/2024\/02\/Local-Mallorca2.png 673w, https:\/\/cercledeconsciencia.com\/wp-content\/uploads\/2024\/02\/Local-Mallorca2-300x226.png 300w\" sizes=\"auto, (max-width: 673px) 100vw, 673px\" \/><\/div><\/div><div class=\"vc_item\"><div class=\"vc_inner\"><img loading=\"lazy\" decoding=\"async\" width=\"673\" height=\"507\" src=\"https:\/\/cercledeconsciencia.com\/wp-content\/uploads\/2024\/02\/InstalacionesdelCercle-1.png\" class=\"attachment-full\" alt=\"Cercle Gestalt Formaci\u00f3\" title=\"Cercle Gestalt Formaci\u00f3\" srcset=\"https:\/\/cercledeconsciencia.com\/wp-content\/uploads\/2024\/02\/InstalacionesdelCercle-1.png 673w, https:\/\/cercledeconsciencia.com\/wp-content\/uploads\/2024\/02\/InstalacionesdelCercle-1-300x226.png 300w\" sizes=\"auto, (max-width: 673px) 100vw, 673px\" \/><\/div><\/div><\/div><\/div><\/div><\/div><\/div><\/div><\/div><\/div><\/div><\/div><\/div><\/div><\/div><\/div><div class=\"vc_row-full-width vc_clearfix\"><\/div><div id=\"informacion\" class=\"vc_row wpb_row vc_row-fluid\" ><div class=\"wpb_column vc_column_container vc_col-sm-12\"><div class=\"vc_column-inner\"><div class=\"wpb_wrapper\"><div class=\"vc_empty_space\"   style=\"height: 100px\"><span class=\"vc_empty_space_inner\"><\/span><\/div><div class=\"edgtf-row-grid-section-wrapper\" ><div class=\"edgtf-row-grid-section\"><div class=\"vc_row wpb_row vc_inner vc_row-fluid vc_row-o-content-middle vc_row-flex\" ><div class=\"wpb_column vc_column_container vc_col-sm-12\"><div class=\"vc_column-inner\"><div class=\"wpb_wrapper\">\n\t<div class=\"wpb_text_column wpb_content_element\" >\n\t\t<div class=\"wpb_wrapper\">\n\t\t\t<h2 class=\"title-local\">On realitzar\u00e0s la teva propera activitat terap\u00e8utica?<\/h2>\n<p>Comptem amb espais a diverses ubicacions, des del bullici de la ciutat fins a entorns m\u00e9s relaxats, perqu\u00e8 trobis l&#039;opci\u00f3 que s&#039;adapti a les teves prefer\u00e8ncies i les dels teus clients.<\/p>\n<p>A m\u00e9s, podr\u00e0s ampliar la teva capacitat d&#039;atenci\u00f3 terap\u00e8utica oferint tamb\u00e9 consultes i activitats a altres ciutats d&#039;Espanya.<\/p>\n\n\t\t<\/div>\n\t<\/div>\n<\/div><\/div><\/div><\/div><\/div><\/div><div class=\"vc_empty_space\"   style=\"height: 60px\"><span class=\"vc_empty_space_inner\"><\/span><\/div><div class=\"edgtf-row-grid-section-wrapper\" ><div class=\"edgtf-row-grid-section\"><div class=\"vc_row wpb_row vc_inner vc_row-fluid vc_row-o-content-top vc_row-flex\" ><div class=\"wpb_column vc_column_container vc_col-sm-4\"><div class=\"vc_column-inner vc_custom_1708681337028\"><div class=\"wpb_wrapper\">\n\t<div  class=\"wpb_single_image wpb_content_element vc_align_center\">\n\t\t\n\t\t<figure class=\"wpb_wrapper vc_figure\">\n\t\t\t<a href=\"\/ca\/lloguer-sales-terapeutes-barcelona\/\" target=\"_self\" class=\"vc_single_image-wrapper   vc_box_border_grey\"><img loading=\"lazy\" decoding=\"async\" width=\"500\" height=\"372\" src=\"https:\/\/cercledeconsciencia.com\/wp-content\/uploads\/2024\/02\/alquiler-barcelona-1.png\" class=\"vc_single_image-img attachment-full\" alt=\"\" title=\"lloguer-barcelona\" srcset=\"https:\/\/cercledeconsciencia.com\/wp-content\/uploads\/2024\/02\/alquiler-barcelona-1.png 500w, https:\/\/cercledeconsciencia.com\/wp-content\/uploads\/2024\/02\/alquiler-barcelona-1-300x223.png 300w\" sizes=\"auto, (max-width: 500px) 100vw, 500px\" \/><\/a>\n\t\t<\/figure>\n\t<\/div>\n<\/div><\/div><\/div><div class=\"wpb_column vc_column_container vc_col-sm-4\"><div class=\"vc_column-inner vc_custom_1708681343000\"><div class=\"wpb_wrapper\">\n\t<div  class=\"wpb_single_image wpb_content_element vc_align_center\">\n\t\t\n\t\t<figure class=\"wpb_wrapper vc_figure\">\n\t\t\t<a href=\"\/ca\/sales-espais-mallorca\/\" target=\"_self\" class=\"vc_single_image-wrapper   vc_box_border_grey\"><img loading=\"lazy\" decoding=\"async\" width=\"500\" height=\"372\" src=\"https:\/\/cercledeconsciencia.com\/wp-content\/uploads\/2024\/02\/alquiler-mallorca-1.png\" class=\"vc_single_image-img attachment-full\" alt=\"\" title=\"lloguer-mallorca\" srcset=\"https:\/\/cercledeconsciencia.com\/wp-content\/uploads\/2024\/02\/alquiler-mallorca-1.png 500w, https:\/\/cercledeconsciencia.com\/wp-content\/uploads\/2024\/02\/alquiler-mallorca-1-300x223.png 300w\" sizes=\"auto, (max-width: 500px) 100vw, 500px\" \/><\/a>\n\t\t<\/figure>\n\t<\/div>\n<\/div><\/div><\/div><div class=\"wpb_column vc_column_container vc_col-sm-4\"><div class=\"vc_column-inner vc_custom_1708681370221\"><div class=\"wpb_wrapper\">\n\t<div  class=\"wpb_single_image wpb_content_element vc_align_center\">\n\t\t\n\t\t<figure class=\"wpb_wrapper vc_figure\">\n\t\t\t<a href=\"\/ca\/lloguer-despais-eivissa\/\" target=\"_self\" class=\"vc_single_image-wrapper   vc_box_border_grey\"><img loading=\"lazy\" decoding=\"async\" width=\"500\" height=\"372\" src=\"https:\/\/cercledeconsciencia.com\/wp-content\/uploads\/2024\/02\/alquiler-ibiza-2.png\" class=\"vc_single_image-img attachment-full\" alt=\"\" title=\"lloguer-Eivissa\" srcset=\"https:\/\/cercledeconsciencia.com\/wp-content\/uploads\/2024\/02\/alquiler-ibiza-2.png 500w, https:\/\/cercledeconsciencia.com\/wp-content\/uploads\/2024\/02\/alquiler-ibiza-2-300x223.png 300w\" sizes=\"auto, (max-width: 500px) 100vw, 500px\" \/><\/a>\n\t\t<\/figure>\n\t<\/div>\n<\/div><\/div><\/div><\/div><\/div><\/div><div class=\"vc_empty_space\"   style=\"height: 60px\"><span class=\"vc_empty_space_inner\"><\/span><\/div><\/div><\/div><\/div><\/div>","protected":false},"excerpt":{"rendered":"Lloguer d&#039;espais per a terapeutes Troba els millors espais per dur a terme la teva activitat terap\u00e8utica. Concentra&#039;t en all\u00f2 que m\u00e9s importa: acompanyar les persones a trav\u00e9s del teu [...]","protected":false},"author":1,"featured_media":0,"parent":0,"menu_order":0,"comment_status":"closed","ping_status":"closed","template":"full-width.php","meta":{"footnotes":""},"class_list":["post-3319","page","type-page","status-publish","hentry"],"yoast_head":"<!-- This site is optimized with the Yoast SEO plugin v24.7 - https:\/\/yoast.com\/wordpress\/plugins\/seo\/ -->\n<title>Alquiler de Espacios y Salas para Terapias - Cercle de Consci\u00e8ncia<\/title>\n<meta name=\"description\" content=\"Descubre los mejores espacios para tus consultas: Alquiler por horas, sin complicaciones. Varias ubicaciones. Locales, salas y espacios para terapias.\" \/>\n<meta name=\"robots\" content=\"index, follow, max-snippet:-1, max-image-preview:large, max-video-preview:-1\" \/>\n<link rel=\"canonical\" href=\"https:\/\/cercledeconsciencia.com\/ca\/lloguer\/\" \/>\n<meta property=\"og:locale\" content=\"ca_ES\" \/>\n<meta property=\"og:type\" content=\"article\" \/>\n<meta property=\"og:title\" content=\"Alquiler de Espacios y Salas para Terapias - Cercle de Consci\u00e8ncia\" \/>\n<meta property=\"og:description\" content=\"Descubre los mejores espacios para tus consultas: Alquiler por horas, sin complicaciones. Varias ubicaciones. Locales, salas y espacios para terapias.\" \/>\n<meta property=\"og:url\" content=\"https:\/\/cercledeconsciencia.com\/ca\/lloguer\/\" \/>\n<meta property=\"og:site_name\" content=\"Cercle de Consci\u00e8ncia\" \/>\n<meta property=\"article:publisher\" content=\"https:\/\/www.facebook.com\/Cercledeconscienciabarcelona?_rdr\" \/>\n<meta property=\"article:modified_time\" content=\"2024-06-19T23:50:06+00:00\" \/>\n<meta name=\"twitter:card\" content=\"summary_large_image\" \/>\n<meta name=\"twitter:label1\" content=\"Temps estimat de lectura\" \/>\n\t<meta name=\"twitter:data1\" content=\"1 minut\" \/>\n<script type=\"application\/ld+json\" class=\"yoast-schema-graph\">{\"@context\":\"https:\/\/schema.org\",\"@graph\":[{\"@type\":\"WebPage\",\"@id\":\"https:\/\/cercledeconsciencia.com\/alquiler\/\",\"url\":\"https:\/\/cercledeconsciencia.com\/alquiler\/\",\"name\":\"Alquiler de Espacios y Salas para Terapias - Cercle de Consci\u00e8ncia\",\"isPartOf\":{\"@id\":\"https:\/\/cercledeconsciencia.com\/#website\"},\"datePublished\":\"2024-02-23T09:21:38+00:00\",\"dateModified\":\"2024-06-19T23:50:06+00:00\",\"description\":\"Descubre los mejores espacios para tus consultas: Alquiler por horas, sin complicaciones. Varias ubicaciones. Locales, salas y espacios para terapias.\",\"breadcrumb\":{\"@id\":\"https:\/\/cercledeconsciencia.com\/alquiler\/#breadcrumb\"},\"inLanguage\":\"ca\",\"potentialAction\":[{\"@type\":\"ReadAction\",\"target\":[\"https:\/\/cercledeconsciencia.com\/alquiler\/\"]}]},{\"@type\":\"BreadcrumbList\",\"@id\":\"https:\/\/cercledeconsciencia.com\/alquiler\/#breadcrumb\",\"itemListElement\":[{\"@type\":\"ListItem\",\"position\":1,\"name\":\"Portada\",\"item\":\"https:\/\/cercledeconsciencia.com\/\"},{\"@type\":\"ListItem\",\"position\":2,\"name\":\"Alquiler de espacios\"}]},{\"@type\":\"WebSite\",\"@id\":\"https:\/\/cercledeconsciencia.com\/#website\",\"url\":\"https:\/\/cercledeconsciencia.com\/\",\"name\":\"Cercle de Consci\u00e8ncia\",\"description\":\"Centro de Formaci\u00f3n y Terapias\",\"publisher\":{\"@id\":\"https:\/\/cercledeconsciencia.com\/#organization\"},\"potentialAction\":[{\"@type\":\"SearchAction\",\"target\":{\"@type\":\"EntryPoint\",\"urlTemplate\":\"https:\/\/cercledeconsciencia.com\/?s={search_term_string}\"},\"query-input\":{\"@type\":\"PropertyValueSpecification\",\"valueRequired\":true,\"valueName\":\"search_term_string\"}}],\"inLanguage\":\"ca\"},{\"@type\":\"Organization\",\"@id\":\"https:\/\/cercledeconsciencia.com\/#organization\",\"name\":\"Cercle de Consci\u00e8ncia\",\"url\":\"https:\/\/cercledeconsciencia.com\/\",\"logo\":{\"@type\":\"ImageObject\",\"inLanguage\":\"ca\",\"@id\":\"https:\/\/cercledeconsciencia.com\/#\/schema\/logo\/image\/\",\"url\":\"https:\/\/cercledeconsciencia.com\/wp-content\/uploads\/2023\/07\/logo.png\",\"contentUrl\":\"https:\/\/cercledeconsciencia.com\/wp-content\/uploads\/2023\/07\/logo.png\",\"width\":239,\"height\":68,\"caption\":\"Cercle de Consci\u00e8ncia\"},\"image\":{\"@id\":\"https:\/\/cercledeconsciencia.com\/#\/schema\/logo\/image\/\"},\"sameAs\":[\"https:\/\/www.facebook.com\/Cercledeconscienciabarcelona?_rdr\",\"https:\/\/www.instagram.com\/cercledeconsciencia\/\",\"https:\/\/www.youtube.com\/c\/cercledeconsciencia\"]}]}<\/script>\n<!-- \/ Yoast SEO plugin. -->","yoast_head_json":{"title":"Alquiler de Espacios y Salas para Terapias - Cercle de Consci\u00e8ncia","description":"Descubre los mejores espacios para tus consultas: Alquiler por horas, sin complicaciones. Varias ubicaciones. Locales, salas y espacios para terapias.","robots":{"index":"index","follow":"follow","max-snippet":"max-snippet:-1","max-image-preview":"max-image-preview:large","max-video-preview":"max-video-preview:-1"},"canonical":"https:\/\/cercledeconsciencia.com\/ca\/lloguer\/","og_locale":"ca_ES","og_type":"article","og_title":"Alquiler de Espacios y Salas para Terapias - Cercle de Consci\u00e8ncia","og_description":"Descubre los mejores espacios para tus consultas: Alquiler por horas, sin complicaciones. Varias ubicaciones. Locales, salas y espacios para terapias.","og_url":"https:\/\/cercledeconsciencia.com\/ca\/lloguer\/","og_site_name":"Cercle de Consci\u00e8ncia","article_publisher":"https:\/\/www.facebook.com\/Cercledeconscienciabarcelona?_rdr","article_modified_time":"2024-06-19T23:50:06+00:00","twitter_card":"summary_large_image","twitter_misc":{"Temps estimat de lectura":"1 minut"},"schema":{"@context":"https:\/\/schema.org","@graph":[{"@type":"WebPage","@id":"https:\/\/cercledeconsciencia.com\/alquiler\/","url":"https:\/\/cercledeconsciencia.com\/alquiler\/","name":"Alquiler de Espacios y Salas para Terapias - Cercle de Consci\u00e8ncia","isPartOf":{"@id":"https:\/\/cercledeconsciencia.com\/#website"},"datePublished":"2024-02-23T09:21:38+00:00","dateModified":"2024-06-19T23:50:06+00:00","description":"Descubre los mejores espacios para tus consultas: Alquiler por horas, sin complicaciones. Varias ubicaciones. Locales, salas y espacios para terapias.","breadcrumb":{"@id":"https:\/\/cercledeconsciencia.com\/alquiler\/#breadcrumb"},"inLanguage":"ca","potentialAction":[{"@type":"ReadAction","target":["https:\/\/cercledeconsciencia.com\/alquiler\/"]}]},{"@type":"BreadcrumbList","@id":"https:\/\/cercledeconsciencia.com\/alquiler\/#breadcrumb","itemListElement":[{"@type":"ListItem","position":1,"name":"Portada","item":"https:\/\/cercledeconsciencia.com\/"},{"@type":"ListItem","position":2,"name":"Alquiler de espacios"}]},{"@type":"WebSite","@id":"https:\/\/cercledeconsciencia.com\/#website","url":"https:\/\/cercledeconsciencia.com\/","name":"Cercle de Consci\u00e8ncia","description":"Centro de Formaci\u00f3n y Terapias","publisher":{"@id":"https:\/\/cercledeconsciencia.com\/#organization"},"potentialAction":[{"@type":"SearchAction","target":{"@type":"EntryPoint","urlTemplate":"https:\/\/cercledeconsciencia.com\/?s={search_term_string}"},"query-input":{"@type":"PropertyValueSpecification","valueRequired":true,"valueName":"search_term_string"}}],"inLanguage":"ca"},{"@type":"Organization","@id":"https:\/\/cercledeconsciencia.com\/#organization","name":"Cercle de Consci\u00e8ncia","url":"https:\/\/cercledeconsciencia.com\/","logo":{"@type":"ImageObject","inLanguage":"ca","@id":"https:\/\/cercledeconsciencia.com\/#\/schema\/logo\/image\/","url":"https:\/\/cercledeconsciencia.com\/wp-content\/uploads\/2023\/07\/logo.png","contentUrl":"https:\/\/cercledeconsciencia.com\/wp-content\/uploads\/2023\/07\/logo.png","width":239,"height":68,"caption":"Cercle de Consci\u00e8ncia"},"image":{"@id":"https:\/\/cercledeconsciencia.com\/#\/schema\/logo\/image\/"},"sameAs":["https:\/\/www.facebook.com\/Cercledeconscienciabarcelona?_rdr","https:\/\/www.instagram.com\/cercledeconsciencia\/","https:\/\/www.youtube.com\/c\/cercledeconsciencia"]}]}},"_links":{"self":[{"href":"https:\/\/cercledeconsciencia.com\/ca\/wp-json\/wp\/v2\/pages\/3319","targetHints":{"allow":["GET"]}}],"collection":[{"href":"https:\/\/cercledeconsciencia.com\/ca\/wp-json\/wp\/v2\/pages"}],"about":[{"href":"https:\/\/cercledeconsciencia.com\/ca\/wp-json\/wp\/v2\/types\/page"}],"author":[{"embeddable":true,"href":"https:\/\/cercledeconsciencia.com\/ca\/wp-json\/wp\/v2\/users\/1"}],"replies":[{"embeddable":true,"href":"https:\/\/cercledeconsciencia.com\/ca\/wp-json\/wp\/v2\/comments?post=3319"}],"version-history":[{"count":29,"href":"https:\/\/cercledeconsciencia.com\/ca\/wp-json\/wp\/v2\/pages\/3319\/revisions"}],"predecessor-version":[{"id":4210,"href":"https:\/\/cercledeconsciencia.com\/ca\/wp-json\/wp\/v2\/pages\/3319\/revisions\/4210"}],"wp:attachment":[{"href":"https:\/\/cercledeconsciencia.com\/ca\/wp-json\/wp\/v2\/media?parent=3319"}],"curies":[{"name":"wp","href":"https:\/\/api.w.org\/{rel}","templated":true}]}}