{"id":4591,"date":"2024-07-24T12:33:17","date_gmt":"2024-07-24T12:33:17","guid":{"rendered":"https:\/\/cercledeconsciencia.com\/?page_id=4591"},"modified":"2025-05-29T21:00:15","modified_gmt":"2025-05-29T21:00:15","slug":"claudio-naranjo","status":"publish","type":"page","link":"https:\/\/cercledeconsciencia.com\/en\/claudio-naranjo\/","title":{"rendered":"Claudio Naranjo"},"content":{"rendered":"<div data-vc-full-width=\"true\" data-vc-full-width-init=\"false\" data-vc-stretch-content=\"true\" class=\"vc_row wpb_row vc_row-fluid hide-mobile vc_custom_1721824439212 vc_row-has-fill vc_row-no-padding\" ><div class=\"wpb_column vc_column_container vc_col-sm-12\"><div class=\"vc_column-inner\"><div class=\"wpb_wrapper\"><div class=\"vc_empty_space\"   style=\"height: 200px\"><span class=\"vc_empty_space_inner\"><\/span><\/div><div class=\"vc_row wpb_row vc_inner vc_row-fluid vc_custom_1699443329405\" ><div class=\"bg-title-terapias wpb_column vc_column_container vc_col-sm-6\"><div class=\"vc_column-inner\"><div class=\"wpb_wrapper\"><div class=\"vc_empty_space\"   style=\"height: 30px\"><span class=\"vc_empty_space_inner\"><\/span><\/div>\n\t<div class=\"wpb_text_column wpb_content_element\" >\n\t\t<div class=\"wpb_wrapper\">\n\t\t\t<h1><span style=\"color: #ffffff;\">Claudio Naranjo<br \/>\n<\/span><\/h1>\n<h2><span style=\"color: #ffffff;\">The art of human transformation<\/span><\/h2>\n\n\t\t<\/div>\n\t<\/div>\n<div class=\"vc_empty_space\"   style=\"height: 30px\"><span class=\"vc_empty_space_inner\"><\/span><\/div><\/div><\/div><\/div><div class=\"wpb_column vc_column_container vc_col-sm-6\"><div class=\"vc_column-inner\"><div class=\"wpb_wrapper\"><\/div><\/div><\/div><\/div><div class=\"vc_empty_space\"   style=\"height: 260px\"><span class=\"vc_empty_space_inner\"><\/span><\/div><div class=\"vc_row wpb_row vc_inner vc_row-fluid vc_custom_1699304517452\" ><div class=\"borderr-white wpb_column vc_column_container vc_col-sm-12\"><div class=\"vc_column-inner vc_custom_1699304523827\"><div class=\"wpb_wrapper\"><div class=\"vc_empty_space\"   style=\"height: 100px\"><span class=\"vc_empty_space_inner\"><\/span><\/div><\/div><\/div><\/div><\/div><\/div><\/div><\/div><\/div><div class=\"vc_row-full-width vc_clearfix\"><\/div><div data-vc-full-width=\"true\" data-vc-full-width-init=\"false\" data-vc-stretch-content=\"true\" class=\"vc_row wpb_row vc_row-fluid show-mobile vc_custom_1721824730292 vc_row-has-fill vc_row-no-padding\" ><div class=\"wpb_column vc_column_container vc_col-sm-12\"><div class=\"vc_column-inner\"><div class=\"wpb_wrapper\"><div class=\"vc_empty_space\"   style=\"height: 30px\"><span class=\"vc_empty_space_inner\"><\/span><\/div><div class=\"vc_row wpb_row vc_inner vc_row-fluid vc_custom_1699443329405\" ><div class=\"bg-title-terapias wpb_column vc_column_container vc_col-sm-6\"><div class=\"vc_column-inner\"><div class=\"wpb_wrapper\"><div class=\"vc_empty_space\"   style=\"height: 20px\"><span class=\"vc_empty_space_inner\"><\/span><\/div>\n\t<div class=\"wpb_text_column wpb_content_element\" >\n\t\t<div class=\"wpb_wrapper\">\n\t\t\t<h1><span style=\"font-size: 46px;\"><span style=\"color: #ffffff;\">Claudio Naranjo<\/span><br \/>\n<\/span><\/h1>\n<h2><span style=\"color: #ffffff;\">The art of human transformation<\/span><\/h2>\n\n\t\t<\/div>\n\t<\/div>\n<div class=\"vc_empty_space\"   style=\"height: 20px\"><span class=\"vc_empty_space_inner\"><\/span><\/div><\/div><\/div><\/div><div class=\"wpb_column vc_column_container vc_col-sm-6\"><div class=\"vc_column-inner\"><div class=\"wpb_wrapper\"><\/div><\/div><\/div><\/div><div class=\"vc_empty_space\"   style=\"height: 100px\"><span class=\"vc_empty_space_inner\"><\/span><\/div><div class=\"vc_row wpb_row vc_inner vc_row-fluid vc_custom_1699304517452\" ><div class=\"borderr-white wpb_column vc_column_container vc_col-sm-12\"><div class=\"vc_column-inner vc_custom_1699304523827\"><div class=\"wpb_wrapper\"><div class=\"vc_empty_space\"   style=\"height: 100px\"><span class=\"vc_empty_space_inner\"><\/span><\/div><\/div><\/div><\/div><\/div><\/div><\/div><\/div><\/div><div class=\"vc_row-full-width vc_clearfix\"><\/div><div class=\"vc_row wpb_row vc_row-fluid\" ><div class=\"wpb_column vc_column_container vc_col-sm-12\"><div class=\"vc_column-inner\"><div class=\"wpb_wrapper\"><div class=\"edgtf-row-grid-section-wrapper\" ><div class=\"edgtf-row-grid-section\"><div class=\"vc_row wpb_row vc_inner vc_row-fluid vc_row-o-content-middle vc_row-flex\" ><div class=\"wpb_column vc_column_container vc_col-sm-12\"><div class=\"vc_column-inner\"><div class=\"wpb_wrapper\">\n\t<div class=\"wpb_text_column wpb_content_element\" >\n\t\t<div class=\"wpb_wrapper\">\n\t\t\t<p style=\"text-align: justify;\">Dr Claudio Naranjo, Chilean psychiatrist and spiritual master of our time, is renowned for his countless contributions to 21st century psychotherapy. A direct disciple of Fritz Perls, he is a world reference for both Gestalt therapy and the <a href=\"https:\/\/cercledeconsciencia.com\/en\/transpersonal-integrative-training\/\">Transpersonal Psychology<\/a>. Tireless researcher, writer and lecturer of international renown. With more than 30 published titles, his wide-ranging knowledge covers several areas of influence.<\/p>\n<p style=\"text-align: justify;\">Claudio Naranjo has been the greatest disseminator of the <a href=\"https:\/\/cercledeconsciencia.com\/en\/integrative-gestalt-training\/\"><strong>Gestalt therapy<\/strong><\/a> The Gestalt-transpersonal approach, a personal perspective with novel contributions, as well as the free spirit of Perls, has been developed over the years, both in the Spanish and English-speaking world.<\/p>\n<p style=\"text-align: justify;\">He has also been a great disseminator of meditation and the knowledge of contemplative spiritual traditions from both East and West, building bridges and updating these ancient wisdoms for their use in psychotherapy. He has integrated meditation as a psychotherapeutic tool, discovering the potential of interpersonal meditation, as well as the use of music as a mobilising and communicative tool in therapy. Understanding music as food for the soul and listening to music as a meditative act capable of accompanying you to the deepest spheres of your being.<\/p>\n\n\t\t<\/div>\n\t<\/div>\n<\/div><\/div><\/div><\/div><\/div><\/div><\/div><\/div><\/div><\/div><div class=\"edgtf-row-grid-section-wrapper\"  ><div class=\"edgtf-row-grid-section\"><div class=\"vc_row wpb_row vc_row-fluid\" ><div class=\"wpb_column vc_column_container vc_col-sm-12\"><div class=\"vc_column-inner\"><div class=\"wpb_wrapper\"><div class=\"vc_empty_space\"   style=\"height: 50px\"><span class=\"vc_empty_space_inner\"><\/span><\/div><div class=\"vc_row wpb_row vc_inner vc_row-fluid\" ><div class=\"wpb_column vc_column_container vc_col-sm-12\"><div class=\"vc_column-inner\"><div class=\"wpb_wrapper\">\n\t<div class=\"wpb_text_column wpb_content_element\" >\n\t\t<div class=\"wpb_wrapper\">\n\t\t\t<h2>Creator of the Enneatype Psychology (Enneagram).<\/h2>\n<p style=\"text-align: justify;\">Creator of the Psychology of the Enneatypes (Enneagram), a deep and exhaustive study of the different psychological characters - mainly described in his book \"Character and Neurosis\" and deepened in \"27 characters in search of the self\" - which Dr. Naranjo has turned into a great tool for self-knowledge.<\/p>\n<p style=\"text-align: justify;\">He has also developed the SAT, a programme of self-knowledge and individual transformation, based on the Psychology of the Enneatypes, which has benefited thousands of people, leaving its mark on several generations of gestaltists in Spain, Italy, Germany, France, Russia, Mexico, Argentina, Colombia, Chile, Brazil and Uruguay, etc... In 2007 he created the Claudio Naranjo Foundation with the aim of embracing all the proposals, both educational and therapeutic, and preserving the legacy of his approach.<\/p>\n<p style=\"text-align: justify;\">He is also a referent of Transpersonal Psychology, being \"The only search\" one of the first books of what is nowadays considered the 4th force of Psychology. He has also pioneered research into psychedelic-assisted therapy used as a catalyst for transformative processes.<\/p>\n<p style=\"text-align: justify;\">All his knowledge has crystallised in a proposal to change education in order to change the world. At the end of the 1990s, he became involved in transforming education through the use of existential competencies, a proposal that advocates how self-knowledge and love can lead to individual transformation; and from there to change values in the classroom and in society.<\/p>\n<p style=\"text-align: justify;\">In short, he has been a great integrator of psychology and spirituality, promoting the transformation of the individual and society. For his extensive career and the breadth of his work, he has received three honorary doctorates from universities in Italy and Mexico. He was also nominated for the Nobel Peace Prize in 2015, in recognition of his life dedicated to the betterment of the individual and the improvement of society.<\/p>\n\n\t\t<\/div>\n\t<\/div>\n<\/div><\/div><\/div><\/div><\/div><\/div><\/div><\/div><\/div><\/div><div class=\"edgtf-row-grid-section-wrapper\"  ><div class=\"edgtf-row-grid-section\"><div class=\"vc_row wpb_row vc_row-fluid\" ><div class=\"wpb_column vc_column_container vc_col-sm-12\"><div class=\"vc_column-inner\"><div class=\"wpb_wrapper\"><div class=\"vc_empty_space\"   style=\"height: 50px\"><span class=\"vc_empty_space_inner\"><\/span><\/div><div class=\"vc_row wpb_row vc_inner vc_row-fluid vc_row-o-content-middle vc_row-flex\" ><div class=\"wpb_column vc_column_container vc_col-sm-4\"><div class=\"vc_column-inner\"><div class=\"wpb_wrapper\">\n\t<div class=\"wpb_text_column wpb_content_element\" >\n\t\t<div class=\"wpb_wrapper\">\n\t\t\t<h3 class=\"p1\"><span style=\"color: #384a93;\">\"Why be afraid of shadows? Where you see shadow means that in a nearby place light is shining.\"<\/span><\/h3>\n<h3><\/h3>\n<h3 class=\"p2\"><span style=\"color: #384a93;\">~Claudio Naranjo.<\/span><\/h3>\n\n\t\t<\/div>\n\t<\/div>\n<\/div><\/div><\/div><div class=\"wpb_column vc_column_container vc_col-sm-8\"><div class=\"vc_column-inner\"><div class=\"wpb_wrapper\">\n\t<div  class=\"wpb_single_image wpb_content_element vc_align_center\">\n\t\t\n\t\t<figure class=\"wpb_wrapper vc_figure\">\n\t\t\t<div class=\"vc_single_image-wrapper   vc_box_border_grey\"><img loading=\"lazy\" decoding=\"async\" width=\"600\" height=\"467\" src=\"https:\/\/cercledeconsciencia.com\/wp-content\/uploads\/2024\/05\/ClaudioNaranjo.png\" class=\"vc_single_image-img attachment-full\" alt=\"\" title=\"ClaudioNaranjo\" srcset=\"https:\/\/cercledeconsciencia.com\/wp-content\/uploads\/2024\/05\/ClaudioNaranjo.png 600w, https:\/\/cercledeconsciencia.com\/wp-content\/uploads\/2024\/05\/ClaudioNaranjo-300x234.png 300w\" sizes=\"auto, (max-width: 600px) 100vw, 600px\" \/><\/div>\n\t\t<\/figure>\n\t<\/div>\n<\/div><\/div><\/div><\/div><div class=\"vc_empty_space\"   style=\"height: 50px\"><span class=\"vc_empty_space_inner\"><\/span><\/div><\/div><\/div><\/div><\/div><\/div><\/div><div class=\"edgtf-row-grid-section-wrapper\"  ><div class=\"edgtf-row-grid-section\"><div class=\"vc_row wpb_row vc_row-fluid\" ><div class=\"wpb_column vc_column_container vc_col-sm-12\"><div class=\"vc_column-inner\"><div class=\"wpb_wrapper\"><div class=\"vc_row wpb_row vc_inner vc_row-fluid\" ><div class=\"wpb_column vc_column_container vc_col-sm-12\"><div class=\"vc_column-inner\"><div class=\"wpb_wrapper\">\n\t<div class=\"wpb_text_column wpb_content_element\" >\n\t\t<div class=\"wpb_wrapper\">\n\t\t\t<h2>Claudio's legacy at Cercle Conci\u00e8ncia<\/h2>\n<p style=\"text-align: justify;\">Our relationship with Claudio Naranjo is one of learning and close collaboration. Antoni Aguilar, director of Cercle de Consci\u00e8ncia, was part of his team for more than 20 years, coordinating and participating as a teacher in the SAT programmes in several countries in Europe, Mexico, Uruguay and the USA. Montse Coll, co-founder of Cercle de Consci\u00e8ncia, has also taken part as coordinator of the SAT programme teams in Spain on several occasions.<\/p>\n<p style=\"text-align: justify;\">Many Cercle therapists have also been part of the teaching teams of the SAT programmes, drinking directly from Claudio Naranjo's source of knowledge; and also contributing to the study and realisation of the characters described in this great encyclopaedia of reference in the study of personality which is the \"Psychology of the Enneatypes\" by Editorial La llave.<\/p>\n<p style=\"text-align: justify;\">At Cercle de Consci\u00e8ncia we have the unique <a href=\"https:\/\/cercledeconsciencia.com\/en\/transpersonal-integrative-training\/\"><strong>transpersonal integrative training <\/strong><\/a>endorsed by Claudio Naranjo. The teachers and themes, as well as the direction and teaching staff have been chosen by Claudio Naranjo in collaboration with Antoni Aguilar, with the Ego\/Essence model being the main reference for this training.<\/p>\n\n\t\t<\/div>\n\t<\/div>\n<\/div><\/div><\/div><\/div><div class=\"vc_empty_space\"   style=\"height: 100px\"><span class=\"vc_empty_space_inner\"><\/span><\/div><\/div><\/div><\/div><\/div><\/div><\/div>","protected":false},"excerpt":{"rendered":"Claudio Naranjo El arte de la transformaci\u00f3n humana Claudio Naranjo El arte de la transformaci\u00f3n humana El Dr Claudio Naranjo, psiquiatra chileno y maestro espiritual de nuestro tiempo, es c\u00e9lebre [...]","protected":false},"author":1,"featured_media":3839,"parent":0,"menu_order":0,"comment_status":"closed","ping_status":"closed","template":"full-width.php","meta":{"footnotes":""},"class_list":["post-4591","page","type-page","status-publish","has-post-thumbnail","hentry"],"yoast_head":"<!-- This site is optimized with the Yoast SEO plugin v27.4 - https:\/\/yoast.com\/product\/yoast-seo-wordpress\/ -->\n<title>Claudio Naranjo - Cercle de Consci\u00e8ncia<\/title>\n<meta name=\"description\" content=\"Explora las formaciones en Terapia Gestalt y Terapia Corporal Integrativa. Adem\u00e1s, talleres y cursos dise\u00f1ados para tu crecimiento y plenitud en Tarragona.Claudio Naranjo ha sido el mayor divulgador de la terapia Gestalt tanto en el mundo de habla hispana, como anglosajona, constituyendo a lo largo del tiempo un enfoque gest\u00e1ltico-transpersonal, una perspectiva personal con aportaciones novedosas, aparte de recoger el esp\u00edritu libre de Perls.\" \/>\n<meta name=\"robots\" content=\"index, follow, max-snippet:-1, max-image-preview:large, max-video-preview:-1\" \/>\n<link rel=\"canonical\" href=\"https:\/\/cercledeconsciencia.com\/en\/claudio-naranjo\/\" \/>\n<meta property=\"og:locale\" content=\"en_GB\" \/>\n<meta property=\"og:type\" content=\"article\" \/>\n<meta property=\"og:title\" content=\"Claudio Naranjo - Cercle de Consci\u00e8ncia\" \/>\n<meta property=\"og:description\" content=\"Explora las formaciones en Terapia Gestalt y Terapia Corporal Integrativa. Adem\u00e1s, talleres y cursos dise\u00f1ados para tu crecimiento y plenitud en Tarragona.Claudio Naranjo ha sido el mayor divulgador de la terapia Gestalt tanto en el mundo de habla hispana, como anglosajona, constituyendo a lo largo del tiempo un enfoque gest\u00e1ltico-transpersonal, una perspectiva personal con aportaciones novedosas, aparte de recoger el esp\u00edritu libre de Perls.\" \/>\n<meta property=\"og:url\" content=\"https:\/\/cercledeconsciencia.com\/en\/claudio-naranjo\/\" \/>\n<meta property=\"og:site_name\" content=\"Cercle de Consci\u00e8ncia\" \/>\n<meta property=\"article:publisher\" content=\"https:\/\/www.facebook.com\/Cercledeconscienciabarcelona?_rdr\" \/>\n<meta property=\"article:modified_time\" content=\"2025-05-29T21:00:15+00:00\" \/>\n<meta property=\"og:image\" content=\"https:\/\/cercledeconsciencia.com\/wp-content\/uploads\/2024\/05\/ClaudioNaranjo.png\" \/>\n\t<meta property=\"og:image:width\" content=\"600\" \/>\n\t<meta property=\"og:image:height\" content=\"467\" \/>\n\t<meta property=\"og:image:type\" content=\"image\/png\" \/>\n<meta name=\"twitter:card\" content=\"summary_large_image\" \/>\n<meta name=\"twitter:label1\" content=\"Estimated reading time\" \/>\n\t<meta name=\"twitter:data1\" content=\"5 minutes\" \/>\n<script type=\"application\/ld+json\" class=\"yoast-schema-graph\">{\"@context\":\"https:\\\/\\\/schema.org\",\"@graph\":[{\"@type\":\"WebPage\",\"@id\":\"https:\\\/\\\/cercledeconsciencia.com\\\/claudio-naranjo\\\/\",\"url\":\"https:\\\/\\\/cercledeconsciencia.com\\\/claudio-naranjo\\\/\",\"name\":\"Claudio Naranjo - Cercle de Consci\u00e8ncia\",\"isPartOf\":{\"@id\":\"https:\\\/\\\/cercledeconsciencia.com\\\/#website\"},\"primaryImageOfPage\":{\"@id\":\"https:\\\/\\\/cercledeconsciencia.com\\\/claudio-naranjo\\\/#primaryimage\"},\"image\":{\"@id\":\"https:\\\/\\\/cercledeconsciencia.com\\\/claudio-naranjo\\\/#primaryimage\"},\"thumbnailUrl\":\"https:\\\/\\\/cercledeconsciencia.com\\\/wp-content\\\/uploads\\\/2024\\\/05\\\/ClaudioNaranjo.png\",\"datePublished\":\"2024-07-24T12:33:17+00:00\",\"dateModified\":\"2025-05-29T21:00:15+00:00\",\"description\":\"Explora las formaciones en Terapia Gestalt y Terapia Corporal Integrativa. Adem\u00e1s, talleres y cursos dise\u00f1ados para tu crecimiento y plenitud en Tarragona.Claudio Naranjo ha sido el mayor divulgador de la terapia Gestalt tanto en el mundo de habla hispana, como anglosajona, constituyendo a lo largo del tiempo un enfoque gest\u00e1ltico-transpersonal, una perspectiva personal con aportaciones novedosas, aparte de recoger el esp\u00edritu libre de Perls.\",\"breadcrumb\":{\"@id\":\"https:\\\/\\\/cercledeconsciencia.com\\\/claudio-naranjo\\\/#breadcrumb\"},\"inLanguage\":\"en-GB\",\"potentialAction\":[{\"@type\":\"ReadAction\",\"target\":[\"https:\\\/\\\/cercledeconsciencia.com\\\/claudio-naranjo\\\/\"]}]},{\"@type\":\"ImageObject\",\"inLanguage\":\"en-GB\",\"@id\":\"https:\\\/\\\/cercledeconsciencia.com\\\/claudio-naranjo\\\/#primaryimage\",\"url\":\"https:\\\/\\\/cercledeconsciencia.com\\\/wp-content\\\/uploads\\\/2024\\\/05\\\/ClaudioNaranjo.png\",\"contentUrl\":\"https:\\\/\\\/cercledeconsciencia.com\\\/wp-content\\\/uploads\\\/2024\\\/05\\\/ClaudioNaranjo.png\",\"width\":600,\"height\":467},{\"@type\":\"BreadcrumbList\",\"@id\":\"https:\\\/\\\/cercledeconsciencia.com\\\/claudio-naranjo\\\/#breadcrumb\",\"itemListElement\":[{\"@type\":\"ListItem\",\"position\":1,\"name\":\"Portada\",\"item\":\"https:\\\/\\\/cercledeconsciencia.com\\\/\"},{\"@type\":\"ListItem\",\"position\":2,\"name\":\"Claudio Naranjo\"}]},{\"@type\":\"WebSite\",\"@id\":\"https:\\\/\\\/cercledeconsciencia.com\\\/#website\",\"url\":\"https:\\\/\\\/cercledeconsciencia.com\\\/\",\"name\":\"Cercle de Consci\u00e8ncia\",\"description\":\"Centro de Formaci\u00f3n y Terapias\",\"publisher\":{\"@id\":\"https:\\\/\\\/cercledeconsciencia.com\\\/#organization\"},\"potentialAction\":[{\"@type\":\"SearchAction\",\"target\":{\"@type\":\"EntryPoint\",\"urlTemplate\":\"https:\\\/\\\/cercledeconsciencia.com\\\/?s={search_term_string}\"},\"query-input\":{\"@type\":\"PropertyValueSpecification\",\"valueRequired\":true,\"valueName\":\"search_term_string\"}}],\"inLanguage\":\"en-GB\"},{\"@type\":\"Organization\",\"@id\":\"https:\\\/\\\/cercledeconsciencia.com\\\/#organization\",\"name\":\"Cercle de Consci\u00e8ncia\",\"url\":\"https:\\\/\\\/cercledeconsciencia.com\\\/\",\"logo\":{\"@type\":\"ImageObject\",\"inLanguage\":\"en-GB\",\"@id\":\"https:\\\/\\\/cercledeconsciencia.com\\\/#\\\/schema\\\/logo\\\/image\\\/\",\"url\":\"https:\\\/\\\/cercledeconsciencia.com\\\/wp-content\\\/uploads\\\/2023\\\/07\\\/logo.png\",\"contentUrl\":\"https:\\\/\\\/cercledeconsciencia.com\\\/wp-content\\\/uploads\\\/2023\\\/07\\\/logo.png\",\"width\":239,\"height\":68,\"caption\":\"Cercle de Consci\u00e8ncia\"},\"image\":{\"@id\":\"https:\\\/\\\/cercledeconsciencia.com\\\/#\\\/schema\\\/logo\\\/image\\\/\"},\"sameAs\":[\"https:\\\/\\\/www.facebook.com\\\/Cercledeconscienciabarcelona?_rdr\",\"https:\\\/\\\/www.instagram.com\\\/cercledeconsciencia\\\/\",\"https:\\\/\\\/www.youtube.com\\\/c\\\/cercledeconsciencia\"]}]}<\/script>\n<!-- \/ Yoast SEO plugin. -->","yoast_head_json":{"title":"Claudio Naranjo - Circle of Consciousness","description":"Explore training in Gestalt Therapy and Integrative Body Therapy. Claudio Naranjo has been the greatest disseminator of Gestalt therapy both in the Spanish and English-speaking world, constituting over time a gestalt-transpersonal approach, a personal perspective with innovative contributions, apart from collecting the free spirit of Perls.","robots":{"index":"index","follow":"follow","max-snippet":"max-snippet:-1","max-image-preview":"max-image-preview:large","max-video-preview":"max-video-preview:-1"},"canonical":"https:\/\/cercledeconsciencia.com\/en\/claudio-naranjo\/","og_locale":"en_GB","og_type":"article","og_title":"Claudio Naranjo - Cercle de Consci\u00e8ncia","og_description":"Explora las formaciones en Terapia Gestalt y Terapia Corporal Integrativa. Adem\u00e1s, talleres y cursos dise\u00f1ados para tu crecimiento y plenitud en Tarragona.Claudio Naranjo ha sido el mayor divulgador de la terapia Gestalt tanto en el mundo de habla hispana, como anglosajona, constituyendo a lo largo del tiempo un enfoque gest\u00e1ltico-transpersonal, una perspectiva personal con aportaciones novedosas, aparte de recoger el esp\u00edritu libre de Perls.","og_url":"https:\/\/cercledeconsciencia.com\/en\/claudio-naranjo\/","og_site_name":"Cercle de Consci\u00e8ncia","article_publisher":"https:\/\/www.facebook.com\/Cercledeconscienciabarcelona?_rdr","article_modified_time":"2025-05-29T21:00:15+00:00","og_image":[{"width":600,"height":467,"url":"https:\/\/cercledeconsciencia.com\/wp-content\/uploads\/2024\/05\/ClaudioNaranjo.png","type":"image\/png"}],"twitter_card":"summary_large_image","twitter_misc":{"Estimated reading time":"5 minutes"},"schema":{"@context":"https:\/\/schema.org","@graph":[{"@type":"WebPage","@id":"https:\/\/cercledeconsciencia.com\/claudio-naranjo\/","url":"https:\/\/cercledeconsciencia.com\/claudio-naranjo\/","name":"Claudio Naranjo - Circle of Consciousness","isPartOf":{"@id":"https:\/\/cercledeconsciencia.com\/#website"},"primaryImageOfPage":{"@id":"https:\/\/cercledeconsciencia.com\/claudio-naranjo\/#primaryimage"},"image":{"@id":"https:\/\/cercledeconsciencia.com\/claudio-naranjo\/#primaryimage"},"thumbnailUrl":"https:\/\/cercledeconsciencia.com\/wp-content\/uploads\/2024\/05\/ClaudioNaranjo.png","datePublished":"2024-07-24T12:33:17+00:00","dateModified":"2025-05-29T21:00:15+00:00","description":"Explore training in Gestalt Therapy and Integrative Body Therapy. Claudio Naranjo has been the greatest disseminator of Gestalt therapy both in the Spanish and English-speaking world, constituting over time a gestalt-transpersonal approach, a personal perspective with innovative contributions, apart from collecting the free spirit of Perls.","breadcrumb":{"@id":"https:\/\/cercledeconsciencia.com\/claudio-naranjo\/#breadcrumb"},"inLanguage":"en-GB","potentialAction":[{"@type":"ReadAction","target":["https:\/\/cercledeconsciencia.com\/claudio-naranjo\/"]}]},{"@type":"ImageObject","inLanguage":"en-GB","@id":"https:\/\/cercledeconsciencia.com\/claudio-naranjo\/#primaryimage","url":"https:\/\/cercledeconsciencia.com\/wp-content\/uploads\/2024\/05\/ClaudioNaranjo.png","contentUrl":"https:\/\/cercledeconsciencia.com\/wp-content\/uploads\/2024\/05\/ClaudioNaranjo.png","width":600,"height":467},{"@type":"BreadcrumbList","@id":"https:\/\/cercledeconsciencia.com\/claudio-naranjo\/#breadcrumb","itemListElement":[{"@type":"ListItem","position":1,"name":"Portada","item":"https:\/\/cercledeconsciencia.com\/"},{"@type":"ListItem","position":2,"name":"Claudio Naranjo"}]},{"@type":"WebSite","@id":"https:\/\/cercledeconsciencia.com\/#website","url":"https:\/\/cercledeconsciencia.com\/","name":"Circle of Conscience","description":"Training and Therapy Centre","publisher":{"@id":"https:\/\/cercledeconsciencia.com\/#organization"},"potentialAction":[{"@type":"SearchAction","target":{"@type":"EntryPoint","urlTemplate":"https:\/\/cercledeconsciencia.com\/?s={search_term_string}"},"query-input":{"@type":"PropertyValueSpecification","valueRequired":true,"valueName":"search_term_string"}}],"inLanguage":"en-GB"},{"@type":"Organization","@id":"https:\/\/cercledeconsciencia.com\/#organization","name":"Circle of Conscience","url":"https:\/\/cercledeconsciencia.com\/","logo":{"@type":"ImageObject","inLanguage":"en-GB","@id":"https:\/\/cercledeconsciencia.com\/#\/schema\/logo\/image\/","url":"https:\/\/cercledeconsciencia.com\/wp-content\/uploads\/2023\/07\/logo.png","contentUrl":"https:\/\/cercledeconsciencia.com\/wp-content\/uploads\/2023\/07\/logo.png","width":239,"height":68,"caption":"Cercle de Consci\u00e8ncia"},"image":{"@id":"https:\/\/cercledeconsciencia.com\/#\/schema\/logo\/image\/"},"sameAs":["https:\/\/www.facebook.com\/Cercledeconscienciabarcelona?_rdr","https:\/\/www.instagram.com\/cercledeconsciencia\/","https:\/\/www.youtube.com\/c\/cercledeconsciencia"]}]}},"_links":{"self":[{"href":"https:\/\/cercledeconsciencia.com\/en\/wp-json\/wp\/v2\/pages\/4591","targetHints":{"allow":["GET"]}}],"collection":[{"href":"https:\/\/cercledeconsciencia.com\/en\/wp-json\/wp\/v2\/pages"}],"about":[{"href":"https:\/\/cercledeconsciencia.com\/en\/wp-json\/wp\/v2\/types\/page"}],"author":[{"embeddable":true,"href":"https:\/\/cercledeconsciencia.com\/en\/wp-json\/wp\/v2\/users\/1"}],"replies":[{"embeddable":true,"href":"https:\/\/cercledeconsciencia.com\/en\/wp-json\/wp\/v2\/comments?post=4591"}],"version-history":[{"count":15,"href":"https:\/\/cercledeconsciencia.com\/en\/wp-json\/wp\/v2\/pages\/4591\/revisions"}],"predecessor-version":[{"id":5365,"href":"https:\/\/cercledeconsciencia.com\/en\/wp-json\/wp\/v2\/pages\/4591\/revisions\/5365"}],"wp:featuredmedia":[{"embeddable":true,"href":"https:\/\/cercledeconsciencia.com\/en\/wp-json\/wp\/v2\/media\/3839"}],"wp:attachment":[{"href":"https:\/\/cercledeconsciencia.com\/en\/wp-json\/wp\/v2\/media?parent=4591"}],"curies":[{"name":"wp","href":"https:\/\/api.w.org\/{rel}","templated":true}]}}