{"id":2906,"date":"2024-02-06T00:49:54","date_gmt":"2024-02-06T00:49:54","guid":{"rendered":"https:\/\/cercledeconsciencia.com\/?page_id=2906"},"modified":"2024-02-06T01:01:23","modified_gmt":"2024-02-06T01:01:23","slug":"aviso-legal","status":"publish","type":"page","link":"https:\/\/cercledeconsciencia.com\/es\/aviso-legal\/","title":{"rendered":"Aviso legal"},"content":{"rendered":"<div class=\"vc_row wpb_row vc_row-fluid\" ><div class=\"wpb_column vc_column_container vc_col-sm-12\"><div class=\"vc_column-inner\"><div class=\"wpb_wrapper\">\n\t<div class=\"wpb_text_column wpb_content_element \" >\n\t\t<div class=\"wpb_wrapper\">\n\t\t\t<h1>Aviso legal<\/h1>\n<p>&nbsp;<\/p>\n<p><span style=\"font-weight: 400;\">En cumplimiento de la Ley 34\/2002, de 11 de julio, de Servicios de la Sociedad de la Informaci\u00f3n y de Comercio Electr\u00f3nico (LSSI-CE), la empresa le informa que es titular del sitio web. De acuerdo con la exigencia del art\u00edculo 10 de la citada Ley, informa de los siguientes datos:<\/span><\/p>\n<p>&nbsp;<\/p>\n<p><span style=\"font-weight: 400;\">El titular de este sitio web es:<\/span><\/p>\n<table>\n<tbody>\n<tr>\n<td style=\"text-align: left;\"><strong>Nombre de la empresa<\/strong><\/td>\n<td style=\"text-align: left;\"><span style=\"font-weight: 400;\">ESPAI TCI, S.L.U.<\/span><\/td>\n<\/tr>\n<tr>\n<td style=\"text-align: left;\"><strong>B66100033<\/strong><\/td>\n<td style=\"text-align: left;\"><span style=\"font-weight: 400;\">B66100033<\/span><\/td>\n<\/tr>\n<tr>\n<td style=\"text-align: left;\"><strong>Calle<\/strong><\/td>\n<td style=\"text-align: left;\"><span style=\"font-weight: 400;\">C\/ PAU ALSINA N 16<\/span><\/td>\n<\/tr>\n<tr>\n<td style=\"text-align: left;\"><strong>C\u00f3digo Postal<\/strong><\/td>\n<td style=\"text-align: left;\"><span style=\"font-weight: 400;\">08025<\/span><\/td>\n<\/tr>\n<tr>\n<td style=\"text-align: left;\"><strong>Localidad<\/strong><\/td>\n<td style=\"text-align: left;\"><span style=\"font-weight: 400;\">BARCELONA<\/span><\/td>\n<\/tr>\n<tr>\n<td style=\"text-align: left;\"><strong>Provincia<\/strong><\/td>\n<td style=\"text-align: left;\"><span style=\"font-weight: 400;\">BARCELONA<\/span><\/td>\n<\/tr>\n<tr>\n<td style=\"text-align: left;\"><strong>Inscripci\u00f3n en el registro mercantil<\/strong><\/td>\n<td style=\"text-align: left;\"><span style=\"font-weight: 400;\">La Sociedad ESPAI TCI, S.L.U., Figura inscrita en el Registro Mercantil de Barcelona, tomo 43943, folio <\/span><b>191<\/b><span style=\"font-weight: 400;\">, hoja 442401<\/span><\/td>\n<\/tr>\n<\/tbody>\n<\/table>\n<p>&nbsp;<\/p>\n<p><b>USUARIOS<\/b><\/p>\n<p><span style=\"font-weight: 400;\">El acceso y\/o uso de este portal le atribuye la condici\u00f3n de USUARIO, que acepta, desde dicho acceso y\/o uso, las Condiciones Generales de Uso aqu\u00ed reflejadas. Las citadas Condiciones ser\u00e1n de aplicaci\u00f3n independientemente de las Condiciones Generales de Contrataci\u00f3n que en su caso resulten de obligado cumplimiento.<\/span><\/p>\n<p>&nbsp;<\/p>\n<p><b>USO DEL PORTAL<\/b><\/p>\n<p><span style=\"font-weight: 400;\">La p\u00e1gina web proporciona el acceso a multitud de informaciones, servicios, programas o datos (en adelante, \u00ablos contenidos\u00bb) en Internet pertenecientes a ESPAI TCI, S.L.U. o a sus licenciantes a los que el USUARIO pueda tener acceso. El USUARIO asume la responsabilidad del uso del portal. Dicha responsabilidad se extiende al registro que fuese necesario para acceder a determinados servicios o contenidos.<\/span><\/p>\n<p><span style=\"font-weight: 400;\">En dicho registro el USUARIO ser\u00e1 responsable de aportar informaci\u00f3n veraz y l\u00edcita. Como consecuencia de este registro, al USUARIO se le puede proporcionar una contrase\u00f1a de la que ser\u00e1 responsable, comprometi\u00e9ndose a hacer un uso diligente y confidencial de la misma. El USUARIO se compromete a hacer un uso adecuado de los contenidos y servicios que ESPAI TCI, S.L.U. ofrece a trav\u00e9s de su portal y con car\u00e1cter enunciativo, pero no limitativo, a no emplearlos para:<\/span><\/p>\n<ol>\n<li style=\"font-weight: 400;\" aria-level=\"1\"><span style=\"font-weight: 400;\">incurrir en actividades il\u00edcitas, ilegales o contrarias a la buena fe y al orden p\u00fablico<\/span><\/li>\n<li style=\"font-weight: 400;\" aria-level=\"1\"><span style=\"font-weight: 400;\">difundir contenidos o propaganda de car\u00e1cter racista, xen\u00f3fobo, pornogr\u00e1fico-ilegal, de apolog\u00eda del terrorismo o atentatorio contra los derechos humanos<\/span><\/li>\n<li style=\"font-weight: 400;\" aria-level=\"1\"><span style=\"font-weight: 400;\">provocar da\u00f1os en los sistemas f\u00edsicos y l\u00f3gicos de ESPAI TCI, S.L.U. , de sus proveedores o de terceras personas, introducir o difundir en la red virus inform\u00e1ticos o cualesquiera otros sistemas f\u00edsicos o l\u00f3gicos que sean susceptibles de provocar los da\u00f1os anteriormente mencionados;<\/span><\/li>\n<li style=\"font-weight: 400;\" aria-level=\"1\"><span style=\"font-weight: 400;\">intentar acceder y, en su caso, utilizar las cuentas de correo electr\u00f3nico de otros usuarios y modificar manipular sus mensajes. ESPAI TCI, S.L.U. se reserva el derecho de retirar todos aquellos comentarios y aportaciones que vulneren el respeto a la dignidad de la persona, que sean discriminatorios, xen\u00f3fobos, racistas, pornogr\u00e1ficos, que atenten contra la juventud o la infancia, el orden o la seguridad p\u00fablica o que, a su juicio, no resultaran adecuados para su publicaci\u00f3n. En cualquier caso, ESPAI TCI, S.L.U. no ser\u00e1 responsable de las opiniones vertidas por los usuarios a trav\u00e9s de los foros, chats, u otras herramientas de participaci\u00f3n.<\/span><\/li>\n<\/ol>\n<p>&nbsp;<\/p>\n<p><b>PROPIEDAD INTELECTUAL E INDUSTRIAL<\/b><\/p>\n<p><span style=\"font-weight: 400;\">ESPAI TCI, S.L.U. ser\u00e1 titular de todos los derechos de propiedad intelectual e industrial de su p\u00e1gina web, as\u00ed como de los elementos contenidos en la misma (a t\u00edtulo enunciativo, im\u00e1genes, sonido, audio, v\u00eddeo, software o textos; marcas o logotipos, combinaciones de colores, estructura y dise\u00f1o, selecci\u00f3n de materiales usados, programas de ordenador necesarios para su funcionamiento, acceso y uso, etc.).<\/span><\/p>\n<p><span style=\"font-weight: 400;\">Todos los derechos reservados. En virtud de lo dispuesto en los art\u00edculos 8 y 32.1, p\u00e1rrafo segundo, de la Ley de Propiedad Intelectual, quedan expresamente prohibidas la reproducci\u00f3n, la distribuci\u00f3n y la comunicaci\u00f3n p\u00fablica, incluida su modalidad de puesta a disposici\u00f3n, de la totalidad o parte de los contenidos de esta p\u00e1gina web, con fines comerciales, en cualquier soporte y por cualquier medio t\u00e9cnico, sin la autorizaci\u00f3n de ESPAI TCI, S.L.U. . El USUARIO se compromete a respetar los derechos de Propiedad Intelectual e Industrial titularidad de ESPAI TCI, S.L.U. . Podr\u00e1 visualizar los elementos del portal e incluso imprimirlos, copiarlos y almacenarlos en el disco duro de su ordenador o en cualquier otro soporte f\u00edsico siempre y cuando sea, \u00fanica y exclusivamente, para su uso personal y privado. El USUARIO deber\u00e1 abstenerse de suprimir, alterar, eludir o manipular cualquier dispositivo de protecci\u00f3n o sistema de seguridad que estuviera instalado en el las p\u00e1ginas de ESPAI TCI, S.L.U. .<\/span><\/p>\n<p>&nbsp;<\/p>\n<p><b>EXCLUSI\u00d3N DE GARANT\u00cdAS Y RESPONSABILIDAD<\/b><\/p>\n<p><span style=\"font-weight: 400;\">ESPAI TCI, S.L.U. no se hace responsable, en ning\u00fan caso, de los da\u00f1os y perjuicios de cualquier naturaleza que pudieran ocasionar, a t\u00edtulo enunciativo: errores u omisiones en los contenidos, falta de disponibilidad del portal o la transmisi\u00f3n de virus o programas maliciosos o lesivos en los contenidos, a pesar de haber adoptado todas las medidas tecnol\u00f3gicas necesarias para evitarlo.<\/span><\/p>\n<p>&nbsp;<\/p>\n<p><b>MODIFICACIONES<\/b><\/p>\n<p><span style=\"font-weight: 400;\">ESPAI TCI, S.L.U. se reserva el derecho de efectuar sin previo aviso las modificaciones que considere oportunas en su portal, pudiendo cambiar, suprimir o a\u00f1adir tanto los contenidos y servicios que se presten a trav\u00e9s de la misma como la forma en la que \u00e9stos aparezcan presentados o localizados en su portal.<\/span><\/p>\n<p>&nbsp;<\/p>\n<p><b>ENLACES<\/b><\/p>\n<p><span style=\"font-weight: 400;\">En el caso de que en la p\u00e1gina web se dispusiesen enlaces o hiperv\u00ednculos hac\u00eda otros sitios de Internet, ESPAI TCI, S.L.U. no ejercer\u00e1 ning\u00fan tipo de control sobre dichos sitios y contenidos. En ning\u00fan caso ESPAI TCI, S.L.U. asumir\u00e1 responsabilidad alguna por los contenidos de alg\u00fan enlace perteneciente a un sitio web ajeno, ni garantizar\u00e1 la disponibilidad t\u00e9cnica, calidad, fiabilidad, exactitud, amplitud, veracidad, validez y constitucionalidad de cualquier material o informaci\u00f3n contenida en ninguno de dichos hiperv\u00ednculos u otros sitios de Internet.<\/span><\/p>\n<p><span style=\"font-weight: 400;\">Igualmente, la inclusi\u00f3n de estas conexiones externas no implicar\u00e1 ning\u00fan tipo de asociaci\u00f3n, fusi\u00f3n o participaci\u00f3n con las entidades conectadas.<\/span><\/p>\n<p>&nbsp;<\/p>\n<p><b>DERECHO DE EXCLUSI\u00d3N<\/b><\/p>\n<p><span style=\"font-weight: 400;\">ESPAI TCI, S.L.U. se reserva el derecho a denegar o retirar el acceso a portal y\/o los servicios ofrecidos sin necesidad de preaviso, a instancia propia o de un tercero, a aquellos usuarios que incumplan las presentes Condiciones Generales de Uso.<\/span><\/p>\n<p><b>\u00a0<\/b><\/p>\n<p><b>GENERALIDADES<\/b><\/p>\n<p><span style=\"font-weight: 400;\">ESPAI TCI, S.L.U. perseguir\u00e1 el incumplimiento de las presentes condiciones, as\u00ed como cualquier utilizaci\u00f3n indebida de su portal ejerciendo todas las acciones civiles y penales que le puedan corresponder en derecho.<\/span><\/p>\n<p>&nbsp;<\/p>\n<p><b>MODIFICACI\u00d3N DE LAS PRESENTES CONDICIONES Y DURACI\u00d3N<\/b><\/p>\n<p><span style=\"font-weight: 400;\">ESPAI TCI, S.L.U. podr\u00e1 modificar en cualquier momento las condiciones aqu\u00ed determinadas, siendo debidamente publicadas como aqu\u00ed aparecen.<\/span><\/p>\n<p><span style=\"font-weight: 400;\">La vigencia de las citadas condiciones ir\u00e1 en funci\u00f3n de su exposici\u00f3n y estar\u00e1n vigentes hasta que sean modificadas por otras debidamente publicadas.<\/span><\/p>\n<p>&nbsp;<\/p>\n<p><b>LEGISLACI\u00d3N APLICABLE Y JURISDICCI\u00d3N<\/b><\/p>\n<p><span style=\"font-weight: 400;\">La relaci\u00f3n entre ESPAI TCI, S.L.U. y el USUARIO se regir\u00e1 por la normativa espa\u00f1ola vigente y cualquier controversia se someter\u00e1 a los Juzgados y tribunales de la ciudad anteriormente indicada.<\/span><\/p>\n\n\t\t<\/div>\n\t<\/div>\n<\/div><\/div><\/div><\/div><div class=\"vc_row wpb_row vc_row-fluid\" ><div class=\"wpb_column vc_column_container vc_col-sm-12\"><div class=\"vc_column-inner\"><div class=\"wpb_wrapper\"><div class=\"vc_empty_space\"   style=\"height: 50px\"><span class=\"vc_empty_space_inner\"><\/span><\/div><\/div><\/div><\/div><\/div>\n","protected":false},"excerpt":{"rendered":"Aviso legal &nbsp; En cumplimiento de la Ley 34\/2002, de 11 de julio, de Servicios de la Sociedad de la Informaci\u00f3n y de Comercio Electr\u00f3nico (LSSI-CE), la empresa le informa [...]","protected":false},"author":1,"featured_media":0,"parent":0,"menu_order":0,"comment_status":"closed","ping_status":"closed","template":"","meta":{"footnotes":""},"class_list":["post-2906","page","type-page","status-publish","hentry"],"yoast_head":"<!-- This site is optimized with the Yoast SEO plugin v24.7 - https:\/\/yoast.com\/wordpress\/plugins\/seo\/ -->\n<title>Aviso legal - Cercle de Consci\u00e8ncia<\/title>\n<meta name=\"robots\" content=\"index, follow, max-snippet:-1, max-image-preview:large, max-video-preview:-1\" \/>\n<link rel=\"canonical\" href=\"https:\/\/cercledeconsciencia.com\/es\/aviso-legal\/\" \/>\n<meta property=\"og:locale\" content=\"es_ES\" \/>\n<meta property=\"og:type\" content=\"article\" \/>\n<meta property=\"og:title\" content=\"Aviso legal - Cercle de Consci\u00e8ncia\" \/>\n<meta property=\"og:url\" content=\"https:\/\/cercledeconsciencia.com\/es\/aviso-legal\/\" \/>\n<meta property=\"og:site_name\" content=\"Cercle de Consci\u00e8ncia\" \/>\n<meta property=\"article:publisher\" content=\"https:\/\/www.facebook.com\/Cercledeconscienciabarcelona?_rdr\" \/>\n<meta property=\"article:modified_time\" content=\"2024-02-06T01:01:23+00:00\" \/>\n<meta name=\"twitter:card\" content=\"summary_large_image\" \/>\n<meta name=\"twitter:label1\" content=\"Tiempo de lectura\" \/>\n\t<meta name=\"twitter:data1\" content=\"6 minutos\" \/>\n<script type=\"application\/ld+json\" class=\"yoast-schema-graph\">{\"@context\":\"https:\/\/schema.org\",\"@graph\":[{\"@type\":\"WebPage\",\"@id\":\"https:\/\/cercledeconsciencia.com\/es\/aviso-legal\/\",\"url\":\"https:\/\/cercledeconsciencia.com\/es\/aviso-legal\/\",\"name\":\"Aviso legal - Cercle de Consci\u00e8ncia\",\"isPartOf\":{\"@id\":\"https:\/\/cercledeconsciencia.com\/#website\"},\"datePublished\":\"2024-02-06T00:49:54+00:00\",\"dateModified\":\"2024-02-06T01:01:23+00:00\",\"breadcrumb\":{\"@id\":\"https:\/\/cercledeconsciencia.com\/es\/aviso-legal\/#breadcrumb\"},\"inLanguage\":\"es\",\"potentialAction\":[{\"@type\":\"ReadAction\",\"target\":[\"https:\/\/cercledeconsciencia.com\/es\/aviso-legal\/\"]}]},{\"@type\":\"BreadcrumbList\",\"@id\":\"https:\/\/cercledeconsciencia.com\/es\/aviso-legal\/#breadcrumb\",\"itemListElement\":[{\"@type\":\"ListItem\",\"position\":1,\"name\":\"Portada\",\"item\":\"https:\/\/cercledeconsciencia.com\/\"},{\"@type\":\"ListItem\",\"position\":2,\"name\":\"Aviso legal\"}]},{\"@type\":\"WebSite\",\"@id\":\"https:\/\/cercledeconsciencia.com\/#website\",\"url\":\"https:\/\/cercledeconsciencia.com\/\",\"name\":\"Cercle de Consci\u00e8ncia\",\"description\":\"Centro de Formaci\u00f3n y Terapias\",\"publisher\":{\"@id\":\"https:\/\/cercledeconsciencia.com\/#organization\"},\"potentialAction\":[{\"@type\":\"SearchAction\",\"target\":{\"@type\":\"EntryPoint\",\"urlTemplate\":\"https:\/\/cercledeconsciencia.com\/?s={search_term_string}\"},\"query-input\":{\"@type\":\"PropertyValueSpecification\",\"valueRequired\":true,\"valueName\":\"search_term_string\"}}],\"inLanguage\":\"es\"},{\"@type\":\"Organization\",\"@id\":\"https:\/\/cercledeconsciencia.com\/#organization\",\"name\":\"Cercle de Consci\u00e8ncia\",\"url\":\"https:\/\/cercledeconsciencia.com\/\",\"logo\":{\"@type\":\"ImageObject\",\"inLanguage\":\"es\",\"@id\":\"https:\/\/cercledeconsciencia.com\/#\/schema\/logo\/image\/\",\"url\":\"https:\/\/cercledeconsciencia.com\/wp-content\/uploads\/2023\/07\/logo.png\",\"contentUrl\":\"https:\/\/cercledeconsciencia.com\/wp-content\/uploads\/2023\/07\/logo.png\",\"width\":239,\"height\":68,\"caption\":\"Cercle de Consci\u00e8ncia\"},\"image\":{\"@id\":\"https:\/\/cercledeconsciencia.com\/#\/schema\/logo\/image\/\"},\"sameAs\":[\"https:\/\/www.facebook.com\/Cercledeconscienciabarcelona?_rdr\",\"https:\/\/www.instagram.com\/cercledeconsciencia\/\",\"https:\/\/www.youtube.com\/c\/cercledeconsciencia\"]}]}<\/script>\n<!-- \/ Yoast SEO plugin. -->","yoast_head_json":{"title":"Aviso legal - Cercle de Consci\u00e8ncia","robots":{"index":"index","follow":"follow","max-snippet":"max-snippet:-1","max-image-preview":"max-image-preview:large","max-video-preview":"max-video-preview:-1"},"canonical":"https:\/\/cercledeconsciencia.com\/es\/aviso-legal\/","og_locale":"es_ES","og_type":"article","og_title":"Aviso legal - Cercle de Consci\u00e8ncia","og_url":"https:\/\/cercledeconsciencia.com\/es\/aviso-legal\/","og_site_name":"Cercle de Consci\u00e8ncia","article_publisher":"https:\/\/www.facebook.com\/Cercledeconscienciabarcelona?_rdr","article_modified_time":"2024-02-06T01:01:23+00:00","twitter_card":"summary_large_image","twitter_misc":{"Tiempo de lectura":"6 minutos"},"schema":{"@context":"https:\/\/schema.org","@graph":[{"@type":"WebPage","@id":"https:\/\/cercledeconsciencia.com\/es\/aviso-legal\/","url":"https:\/\/cercledeconsciencia.com\/es\/aviso-legal\/","name":"Aviso legal - Cercle de Consci\u00e8ncia","isPartOf":{"@id":"https:\/\/cercledeconsciencia.com\/#website"},"datePublished":"2024-02-06T00:49:54+00:00","dateModified":"2024-02-06T01:01:23+00:00","breadcrumb":{"@id":"https:\/\/cercledeconsciencia.com\/es\/aviso-legal\/#breadcrumb"},"inLanguage":"es","potentialAction":[{"@type":"ReadAction","target":["https:\/\/cercledeconsciencia.com\/es\/aviso-legal\/"]}]},{"@type":"BreadcrumbList","@id":"https:\/\/cercledeconsciencia.com\/es\/aviso-legal\/#breadcrumb","itemListElement":[{"@type":"ListItem","position":1,"name":"Portada","item":"https:\/\/cercledeconsciencia.com\/"},{"@type":"ListItem","position":2,"name":"Aviso legal"}]},{"@type":"WebSite","@id":"https:\/\/cercledeconsciencia.com\/#website","url":"https:\/\/cercledeconsciencia.com\/","name":"Cercle de Consci\u00e8ncia","description":"Centro de Formaci\u00f3n y Terapias","publisher":{"@id":"https:\/\/cercledeconsciencia.com\/#organization"},"potentialAction":[{"@type":"SearchAction","target":{"@type":"EntryPoint","urlTemplate":"https:\/\/cercledeconsciencia.com\/?s={search_term_string}"},"query-input":{"@type":"PropertyValueSpecification","valueRequired":true,"valueName":"search_term_string"}}],"inLanguage":"es"},{"@type":"Organization","@id":"https:\/\/cercledeconsciencia.com\/#organization","name":"Cercle de Consci\u00e8ncia","url":"https:\/\/cercledeconsciencia.com\/","logo":{"@type":"ImageObject","inLanguage":"es","@id":"https:\/\/cercledeconsciencia.com\/#\/schema\/logo\/image\/","url":"https:\/\/cercledeconsciencia.com\/wp-content\/uploads\/2023\/07\/logo.png","contentUrl":"https:\/\/cercledeconsciencia.com\/wp-content\/uploads\/2023\/07\/logo.png","width":239,"height":68,"caption":"Cercle de Consci\u00e8ncia"},"image":{"@id":"https:\/\/cercledeconsciencia.com\/#\/schema\/logo\/image\/"},"sameAs":["https:\/\/www.facebook.com\/Cercledeconscienciabarcelona?_rdr","https:\/\/www.instagram.com\/cercledeconsciencia\/","https:\/\/www.youtube.com\/c\/cercledeconsciencia"]}]}},"_links":{"self":[{"href":"https:\/\/cercledeconsciencia.com\/es\/wp-json\/wp\/v2\/pages\/2906","targetHints":{"allow":["GET"]}}],"collection":[{"href":"https:\/\/cercledeconsciencia.com\/es\/wp-json\/wp\/v2\/pages"}],"about":[{"href":"https:\/\/cercledeconsciencia.com\/es\/wp-json\/wp\/v2\/types\/page"}],"author":[{"embeddable":true,"href":"https:\/\/cercledeconsciencia.com\/es\/wp-json\/wp\/v2\/users\/1"}],"replies":[{"embeddable":true,"href":"https:\/\/cercledeconsciencia.com\/es\/wp-json\/wp\/v2\/comments?post=2906"}],"version-history":[{"count":6,"href":"https:\/\/cercledeconsciencia.com\/es\/wp-json\/wp\/v2\/pages\/2906\/revisions"}],"predecessor-version":[{"id":2916,"href":"https:\/\/cercledeconsciencia.com\/es\/wp-json\/wp\/v2\/pages\/2906\/revisions\/2916"}],"wp:attachment":[{"href":"https:\/\/cercledeconsciencia.com\/es\/wp-json\/wp\/v2\/media?parent=2906"}],"curies":[{"name":"wp","href":"https:\/\/api.w.org\/{rel}","templated":true}]}}